{"id":1928,"date":"2014-04-01T18:07:55","date_gmt":"2014-04-01T18:07:55","guid":{"rendered":"http:\/\/captivademo.commercegurus.com\/?page_id=1928"},"modified":"2021-10-30T00:23:23","modified_gmt":"2021-10-30T00:23:23","slug":"contact-us","status":"publish","type":"page","link":"https:\/\/www.westinghouselightinglatinamerica.com\/en\/contact-us\/","title":{"rendered":"Contact Us"},"content":{"rendered":"<div class=\"wpb-content-wrapper\"><p>[vc_row type=&#8221;container&#8221; padding_top=&#8221;&#8221; padding_bottom=&#8221;&#8221;][vc_column width=&#8221;1\/2&#8243;][vc_column_text css_animation=&#8221;left-to-right&#8221;]<\/p>\n<h2>Get in touch with us<\/h2>\n<div class=\"wpcf7 no-js\" id=\"wpcf7-f4-o1\" lang=\"en-US\" dir=\"ltr\" data-wpcf7-id=\"4\">\n<div class=\"screen-reader-response\"><p role=\"status\" aria-live=\"polite\" aria-atomic=\"true\"><\/p> <ul><\/ul><\/div>\n<form action=\"\/en\/wp-json\/wp\/v2\/pages\/1928#wpcf7-f4-o1\" method=\"post\" class=\"wpcf7-form init\" aria-label=\"Contact form\" novalidate=\"novalidate\" data-status=\"init\">\n<fieldset class=\"hidden-fields-container\"><input type=\"hidden\" name=\"_wpcf7\" value=\"4\" \/><input type=\"hidden\" name=\"_wpcf7_version\" value=\"6.1.5\" \/><input type=\"hidden\" name=\"_wpcf7_locale\" value=\"en_US\" \/><input type=\"hidden\" name=\"_wpcf7_unit_tag\" value=\"wpcf7-f4-o1\" \/><input type=\"hidden\" name=\"_wpcf7_container_post\" value=\"0\" \/><input type=\"hidden\" name=\"_wpcf7_posted_data_hash\" value=\"\" \/>\n<\/fieldset>\n<p><span class=\"wpcf7-form-control-wrap\" data-name=\"your-name\"><input size=\"40\" maxlength=\"400\" class=\"wpcf7-form-control wpcf7-text wpcf7-validates-as-required\" aria-required=\"true\" aria-invalid=\"false\" placeholder=\"Full Name\" value=\"\" type=\"text\" name=\"your-name\" \/><\/span>\n<\/p>\n<p><span class=\"wpcf7-form-control-wrap\" data-name=\"your-email\"><input size=\"40\" maxlength=\"400\" class=\"wpcf7-form-control wpcf7-email wpcf7-validates-as-required wpcf7-text wpcf7-validates-as-email\" aria-required=\"true\" aria-invalid=\"false\" placeholder=\"Email Address\" value=\"\" type=\"email\" name=\"your-email\" \/><\/span>\n<\/p>\n<p><span class=\"wpcf7-form-control-wrap\" data-name=\"your-tel\"><input size=\"40\" maxlength=\"400\" class=\"wpcf7-form-control wpcf7-tel wpcf7-validates-as-required wpcf7-text wpcf7-validates-as-tel\" aria-required=\"true\" aria-invalid=\"false\" placeholder=\"Phone Number\" value=\"\" type=\"tel\" name=\"your-tel\" \/><\/span>\n<\/p>\n<p><span class=\"wpcf7-form-control-wrap\" data-name=\"your-country\"><select class=\"wpcf7-form-control wpcf7-select wpcf7-validates-as-required\" aria-required=\"true\" aria-invalid=\"false\" name=\"your-country\"><option value=\"\">Select your Country<\/option><option value=\"Bolivia\">Bolivia<\/option><option value=\"Colombia\">Colombia<\/option><option value=\"Costa Rica\">Costa Rica<\/option><option value=\"Ecuador\">Ecuador<\/option><option value=\"El Salvador\">El Salvador<\/option><option value=\"El Caribe\">El Caribe<\/option><option value=\"Guatemala\">Guatemala<\/option><option value=\"Honduras\">Honduras<\/option><option value=\"Nicaragua\">Nicaragua<\/option><option value=\"M\u00e9xico\">M\u00e9xico<\/option><option value=\"Panama\">Panama<\/option><option value=\"Peru\">Peru<\/option><option value=\"Rep\u00fablica Dominicana\">Rep\u00fablica Dominicana<\/option><\/select><\/span>\n<\/p>\n<p><span class=\"wpcf7-form-control-wrap\" data-name=\"your-message\"><textarea cols=\"40\" rows=\"10\" maxlength=\"2000\" class=\"wpcf7-form-control wpcf7-textarea\" aria-invalid=\"false\" placeholder=\"Write your message...\" name=\"your-message\"><\/textarea><\/span>\n<\/p>\n<p>[cf7sr-simple-recaptcha]\n<\/p>\n<p><input class=\"wpcf7-form-control wpcf7-submit has-spinner\" type=\"submit\" value=\"Send\" \/>\n<\/p><div class=\"wpcf7-response-output\" aria-hidden=\"true\"><\/div>\n<\/form>\n<\/div>\n[\/vc_column_text][\/vc_column][vc_column width=&#8221;1\/2&#8243; css=&#8221;.vc_custom_1421208541341{margin-top: 10px !important;}&#8221;][vc_column_text css_animation=&#8221;left-to-right&#8221;]<\/p>\n<h2>Westinghouse Lighting Latin America<\/h2>\n<p>[\/vc_column_text]<div class=\"smile_icon_list_wrap ult_info_list_container ult-adjust-bottom-margin  \"><ul class=\"smile_icon_list left circle with_bg\"><li class=\"icon_list_item\" style=\" font-size:54px;\"><div class=\"icon_list_icon\" data-animation=\"fadeInDown\" data-animation-delay=\"03\" style=\"font-size:18px;border-width:1px;border-style:none;background:#20386c;color:#ffffff;border-color:#333333;\"><i class=\"Defaults-phone\" ><\/i><\/div><div class=\"icon_description\" id=\"Info-list-wrap-3119\" style=\"font-size:18px;\"><h3 class=\"ult-responsive info-list-heading\"  data-ultimate-target='#Info-list-wrap-3119 h3'  data-responsive-json-new='{\"font-size\":\"desktop:16px;\",\"line-height\":\"desktop:24px;\"}'  style=\"\">Phone \/ Fax<\/h3><div class=\"icon_description_text ult-responsive\"  data-ultimate-target='#Info-list-wrap-3119 .icon_description_text'  data-responsive-json-new='{\"font-size\":\"desktop:13px;\",\"line-height\":\"desktop:18px;\"}'  style=\"\"><p>Call us on (507) 430-1737 Monday to Friday, 8am-5pm<\/p>\n<\/div><\/div><div class=\"icon_list_connector\" data-animation=\"fadeInUp\" data-animation-delay=\"03\" style=\"border-right-width: 1px;border-right-style: dashed;border-color: #bad3d8;\"><\/div><\/li><li class=\"icon_list_item\" style=\" font-size:54px;\"><div class=\"icon_list_icon\" data-animation=\"fadeInDown\" data-animation-delay=\"03\" style=\"font-size:18px;border-width:1px;border-style:none;background:#20386c;color:#ffffff;border-color:#333333;\"><i class=\"Defaults-map-marker\" ><\/i><\/div><div class=\"icon_description\" id=\"Info-list-wrap-1246\" style=\"font-size:18px;\"><h3 class=\"ult-responsive info-list-heading\"  data-ultimate-target='#Info-list-wrap-1246 h3'  data-responsive-json-new='{\"font-size\":\"desktop:16px;\",\"line-height\":\"desktop:24px;\"}'  style=\"\">Address<\/h3><div class=\"icon_description_text ult-responsive\"  data-ultimate-target='#Info-list-wrap-1246 .icon_description_text'  data-responsive-json-new='{\"font-size\":\"desktop:13px;\",\"line-height\":\"desktop:18px;\"}'  style=\"\"><p>France Field, Calle 5ta. y Ave. 4ta. Zona Libre de Col\u00f3n, Col\u00f3n, Rep\u00fablica de Panam\u00e1,<\/p>\n<\/div><\/div><div class=\"icon_list_connector\" data-animation=\"fadeInUp\" data-animation-delay=\"03\" style=\"border-right-width: 1px;border-right-style: dashed;border-color: #bad3d8;\"><\/div><\/li><li class=\"icon_list_item\" style=\" font-size:54px;\"><div class=\"icon_list_icon\" data-animation=\"fadeInDown\" data-animation-delay=\"03\" style=\"font-size:18px;border-width:1px;border-style:none;background:#20386c;color:#ffffff;border-color:#333333;\"><i class=\"Defaults-envelope\" ><\/i><\/div><div class=\"icon_description\" id=\"Info-list-wrap-4215\" style=\"font-size:18px;\"><h3 class=\"ult-responsive info-list-heading\"  data-ultimate-target='#Info-list-wrap-4215 h3'  data-responsive-json-new='{\"font-size\":\"desktop:16px;\",\"line-height\":\"desktop:24px;\"}'  style=\"\">Email<\/h3><div class=\"icon_description_text ult-responsive\"  data-ultimate-target='#Info-list-wrap-4215 .icon_description_text'  data-responsive-json-new='{\"font-size\":\"desktop:13px;\",\"line-height\":\"desktop:18px;\"}'  style=\"\"><p><a href=\"mailto:ventas@wl-la.com\">ventas@wl-la.com<\/a><\/p>\n<\/div><\/div><div class=\"icon_list_connector\" data-animation=\"fadeInUp\" data-animation-delay=\"03\" style=\"border-right-width: 1px;border-right-style: dashed;border-color: #bad3d8;\"><\/div><\/li><\/ul><\/div>[vc_separator color=&#8221;#e2e2e2&#8243; type=&#8221;full_width&#8221; thickness=&#8221;1&#8243; up=&#8221;&#8221; down=&#8221;20px&#8221;][\/vc_column][\/vc_row]<\/p>\n<\/div>","protected":false},"excerpt":{"rendered":"<p>[vc_row type=&#8221;container&#8221; padding_top=&#8221;&#8221; padding_bottom=&#8221;&#8221;][vc_column width=&#8221;1\/2&#8243;][vc_column_text css_animation=&#8221;left-to-right&#8221;] Get in touch with us [\/vc_column_text][\/vc_column][vc_column width=&#8221;1\/2&#8243; css=&#8221;.vc_custom_1421208541341{margin-top: 10px !important;}&#8221;][vc_column_text css_animation=&#8221;left-to-right&#8221;] Westinghouse Lighting Latin America [\/vc_column_text][vc_separator color=&#8221;#e2e2e2&#8243; type=&#8221;full_width&#8221; thickness=&#8221;1&#8243; up=&#8221;&#8221; down=&#8221;20px&#8221;][\/vc_column][\/vc_row]<\/p>\n","protected":false},"author":1,"featured_media":0,"parent":0,"menu_order":0,"comment_status":"closed","ping_status":"closed","template":"page-full-width.php","meta":{"footnotes":""},"class_list":["post-1928","page","type-page","status-publish","hentry"],"acf":[],"yoast_head":"<!-- This site is optimized with the Yoast SEO plugin v27.3 - https:\/\/yoast.com\/product\/yoast-seo-wordpress\/ -->\n<title>Contact Us &#8212; Westinghouse Lighting Latin America<\/title>\n<meta name=\"robots\" content=\"index, follow, max-snippet:-1, max-image-preview:large, max-video-preview:-1\" \/>\n<link rel=\"canonical\" href=\"https:\/\/www.westinghouselightinglatinamerica.com\/en\/contact-us\/\" \/>\n<meta property=\"og:locale\" content=\"en_US\" \/>\n<meta property=\"og:type\" content=\"article\" \/>\n<meta property=\"og:title\" content=\"Contact Us &#8212; Westinghouse Lighting Latin America\" \/>\n<meta property=\"og:description\" content=\"[vc_row type=&#8221;container&#8221; padding_top=&#8221;&#8221; padding_bottom=&#8221;&#8221;][vc_column width=&#8221;1\/2&#8243;][vc_column_text css_animation=&#8221;left-to-right&#8221;] Get in touch with us [\/vc_column_text][\/vc_column][vc_column width=&#8221;1\/2&#8243; css=&#8221;.vc_custom_1421208541341{margin-top: 10px !important;}&#8221;][vc_column_text css_animation=&#8221;left-to-right&#8221;] Westinghouse Lighting Latin America [\/vc_column_text][vc_separator color=&#8221;#e2e2e2&#8243; type=&#8221;full_width&#8221; thickness=&#8221;1&#8243; up=&#8221;&#8221; down=&#8221;20px&#8221;][\/vc_column][\/vc_row]\" \/>\n<meta property=\"og:url\" content=\"https:\/\/www.westinghouselightinglatinamerica.com\/en\/contact-us\/\" \/>\n<meta property=\"og:site_name\" content=\"Westinghouse Lighting Latin America\" \/>\n<meta property=\"article:modified_time\" content=\"2021-10-30T00:23:23+00:00\" \/>\n<meta name=\"twitter:label1\" content=\"Est. reading time\" \/>\n\t<meta name=\"twitter:data1\" content=\"1 minute\" \/>\n<script type=\"application\/ld+json\" class=\"yoast-schema-graph\">{\"@context\":\"https:\\\/\\\/schema.org\",\"@graph\":[{\"@type\":\"WebPage\",\"@id\":\"https:\\\/\\\/www.westinghouselightinglatinamerica.com\\\/en\\\/contact-us\\\/\",\"url\":\"https:\\\/\\\/www.westinghouselightinglatinamerica.com\\\/en\\\/contact-us\\\/\",\"name\":\"Contact Us &#8212; Westinghouse Lighting Latin America\",\"isPartOf\":{\"@id\":\"https:\\\/\\\/www.westinghouselightinglatinamerica.com\\\/#website\"},\"datePublished\":\"2014-04-01T18:07:55+00:00\",\"dateModified\":\"2021-10-30T00:23:23+00:00\",\"breadcrumb\":{\"@id\":\"https:\\\/\\\/www.westinghouselightinglatinamerica.com\\\/en\\\/contact-us\\\/#breadcrumb\"},\"inLanguage\":\"en-US\",\"potentialAction\":[{\"@type\":\"ReadAction\",\"target\":[\"https:\\\/\\\/www.westinghouselightinglatinamerica.com\\\/en\\\/contact-us\\\/\"]}]},{\"@type\":\"BreadcrumbList\",\"@id\":\"https:\\\/\\\/www.westinghouselightinglatinamerica.com\\\/en\\\/contact-us\\\/#breadcrumb\",\"itemListElement\":[{\"@type\":\"ListItem\",\"position\":1,\"name\":\"Portada\",\"item\":\"https:\\\/\\\/www.westinghouselightinglatinamerica.com\\\/en\\\/\"},{\"@type\":\"ListItem\",\"position\":2,\"name\":\"Contact Us\"}]},{\"@type\":\"WebSite\",\"@id\":\"https:\\\/\\\/www.westinghouselightinglatinamerica.com\\\/#website\",\"url\":\"https:\\\/\\\/www.westinghouselightinglatinamerica.com\\\/\",\"name\":\"Westinghouse Lighting Latin America\",\"description\":\"Westinghouse Lighting Latin america offers customizable lighting fixtures, a large range of ceiling fans and long-life energy efficient bulbs\",\"publisher\":{\"@id\":\"https:\\\/\\\/www.westinghouselightinglatinamerica.com\\\/#organization\"},\"alternateName\":\"Westinghouse\",\"potentialAction\":[{\"@type\":\"SearchAction\",\"target\":{\"@type\":\"EntryPoint\",\"urlTemplate\":\"https:\\\/\\\/www.westinghouselightinglatinamerica.com\\\/?s={search_term_string}\"},\"query-input\":{\"@type\":\"PropertyValueSpecification\",\"valueRequired\":true,\"valueName\":\"search_term_string\"}}],\"inLanguage\":\"en-US\"},{\"@type\":\"Organization\",\"@id\":\"https:\\\/\\\/www.westinghouselightinglatinamerica.com\\\/#organization\",\"name\":\"Westinghouse Lighting Latin America\",\"url\":\"https:\\\/\\\/www.westinghouselightinglatinamerica.com\\\/\",\"logo\":{\"@type\":\"ImageObject\",\"inLanguage\":\"en-US\",\"@id\":\"https:\\\/\\\/www.westinghouselightinglatinamerica.com\\\/#\\\/schema\\\/logo\\\/image\\\/\",\"url\":\"https:\\\/\\\/www.westinghouselightinglatinamerica.com\\\/wp-content\\\/uploads\\\/2021\\\/04\\\/Logo-WESTINGHOUSE_Blanco.png\",\"contentUrl\":\"https:\\\/\\\/www.westinghouselightinglatinamerica.com\\\/wp-content\\\/uploads\\\/2021\\\/04\\\/Logo-WESTINGHOUSE_Blanco.png\",\"width\":1500,\"height\":450,\"caption\":\"Westinghouse Lighting Latin America\"},\"image\":{\"@id\":\"https:\\\/\\\/www.westinghouselightinglatinamerica.com\\\/#\\\/schema\\\/logo\\\/image\\\/\"}}]}<\/script>\n<!-- \/ Yoast SEO plugin. -->","yoast_head_json":{"title":"Contact Us &#8212; Westinghouse Lighting Latin America","robots":{"index":"index","follow":"follow","max-snippet":"max-snippet:-1","max-image-preview":"max-image-preview:large","max-video-preview":"max-video-preview:-1"},"canonical":"https:\/\/www.westinghouselightinglatinamerica.com\/en\/contact-us\/","og_locale":"en_US","og_type":"article","og_title":"Contact Us &#8212; Westinghouse Lighting Latin America","og_description":"[vc_row type=&#8221;container&#8221; padding_top=&#8221;&#8221; padding_bottom=&#8221;&#8221;][vc_column width=&#8221;1\/2&#8243;][vc_column_text css_animation=&#8221;left-to-right&#8221;] Get in touch with us [\/vc_column_text][\/vc_column][vc_column width=&#8221;1\/2&#8243; css=&#8221;.vc_custom_1421208541341{margin-top: 10px !important;}&#8221;][vc_column_text css_animation=&#8221;left-to-right&#8221;] Westinghouse Lighting Latin America [\/vc_column_text][vc_separator color=&#8221;#e2e2e2&#8243; type=&#8221;full_width&#8221; thickness=&#8221;1&#8243; up=&#8221;&#8221; down=&#8221;20px&#8221;][\/vc_column][\/vc_row]","og_url":"https:\/\/www.westinghouselightinglatinamerica.com\/en\/contact-us\/","og_site_name":"Westinghouse Lighting Latin America","article_modified_time":"2021-10-30T00:23:23+00:00","twitter_misc":{"Est. reading time":"1 minute"},"schema":{"@context":"https:\/\/schema.org","@graph":[{"@type":"WebPage","@id":"https:\/\/www.westinghouselightinglatinamerica.com\/en\/contact-us\/","url":"https:\/\/www.westinghouselightinglatinamerica.com\/en\/contact-us\/","name":"Contact Us &#8212; Westinghouse Lighting Latin America","isPartOf":{"@id":"https:\/\/www.westinghouselightinglatinamerica.com\/#website"},"datePublished":"2014-04-01T18:07:55+00:00","dateModified":"2021-10-30T00:23:23+00:00","breadcrumb":{"@id":"https:\/\/www.westinghouselightinglatinamerica.com\/en\/contact-us\/#breadcrumb"},"inLanguage":"en-US","potentialAction":[{"@type":"ReadAction","target":["https:\/\/www.westinghouselightinglatinamerica.com\/en\/contact-us\/"]}]},{"@type":"BreadcrumbList","@id":"https:\/\/www.westinghouselightinglatinamerica.com\/en\/contact-us\/#breadcrumb","itemListElement":[{"@type":"ListItem","position":1,"name":"Portada","item":"https:\/\/www.westinghouselightinglatinamerica.com\/en\/"},{"@type":"ListItem","position":2,"name":"Contact Us"}]},{"@type":"WebSite","@id":"https:\/\/www.westinghouselightinglatinamerica.com\/#website","url":"https:\/\/www.westinghouselightinglatinamerica.com\/","name":"Westinghouse Lighting Latin America","description":"Westinghouse Lighting Latin america offers customizable lighting fixtures, a large range of ceiling fans and long-life energy efficient bulbs","publisher":{"@id":"https:\/\/www.westinghouselightinglatinamerica.com\/#organization"},"alternateName":"Westinghouse","potentialAction":[{"@type":"SearchAction","target":{"@type":"EntryPoint","urlTemplate":"https:\/\/www.westinghouselightinglatinamerica.com\/?s={search_term_string}"},"query-input":{"@type":"PropertyValueSpecification","valueRequired":true,"valueName":"search_term_string"}}],"inLanguage":"en-US"},{"@type":"Organization","@id":"https:\/\/www.westinghouselightinglatinamerica.com\/#organization","name":"Westinghouse Lighting Latin America","url":"https:\/\/www.westinghouselightinglatinamerica.com\/","logo":{"@type":"ImageObject","inLanguage":"en-US","@id":"https:\/\/www.westinghouselightinglatinamerica.com\/#\/schema\/logo\/image\/","url":"https:\/\/www.westinghouselightinglatinamerica.com\/wp-content\/uploads\/2021\/04\/Logo-WESTINGHOUSE_Blanco.png","contentUrl":"https:\/\/www.westinghouselightinglatinamerica.com\/wp-content\/uploads\/2021\/04\/Logo-WESTINGHOUSE_Blanco.png","width":1500,"height":450,"caption":"Westinghouse Lighting Latin America"},"image":{"@id":"https:\/\/www.westinghouselightinglatinamerica.com\/#\/schema\/logo\/image\/"}}]}},"_links":{"self":[{"href":"https:\/\/www.westinghouselightinglatinamerica.com\/en\/wp-json\/wp\/v2\/pages\/1928","targetHints":{"allow":["GET"]}}],"collection":[{"href":"https:\/\/www.westinghouselightinglatinamerica.com\/en\/wp-json\/wp\/v2\/pages"}],"about":[{"href":"https:\/\/www.westinghouselightinglatinamerica.com\/en\/wp-json\/wp\/v2\/types\/page"}],"author":[{"embeddable":true,"href":"https:\/\/www.westinghouselightinglatinamerica.com\/en\/wp-json\/wp\/v2\/users\/1"}],"replies":[{"embeddable":true,"href":"https:\/\/www.westinghouselightinglatinamerica.com\/en\/wp-json\/wp\/v2\/comments?post=1928"}],"version-history":[{"count":0,"href":"https:\/\/www.westinghouselightinglatinamerica.com\/en\/wp-json\/wp\/v2\/pages\/1928\/revisions"}],"wp:attachment":[{"href":"https:\/\/www.westinghouselightinglatinamerica.com\/en\/wp-json\/wp\/v2\/media?parent=1928"}],"curies":[{"name":"wp","href":"https:\/\/api.w.org\/{rel}","templated":true}]}}