{"id":82085,"date":"2026-03-12T17:40:16","date_gmt":"2026-03-12T17:40:16","guid":{"rendered":"https:\/\/www.westinghouselightinglatinamerica.com\/product\/79072\/"},"modified":"2026-03-12T17:40:16","modified_gmt":"2026-03-12T17:40:16","slug":"79072","status":"publish","type":"product","link":"http:\/\/www.westinghouselightinglatinamerica.com\/en\/product\/79072\/","title":{"rendered":"MINI BOREALIS 15&#8243;"},"content":{"rendered":"<p data-start=\"418\" data-end=\"865\">El ventilador compacto de 15 pulgadas con motor DC est\u00e1 dise\u00f1ado para ofrecer m\u00e1xima eficiencia energ\u00e9tica con un consumo de solo 12W. Cuenta con 3 velocidades que permiten ajustar el flujo de aire seg\u00fan la necesidad, siendo ideal para espacios peque\u00f1os o uso personal. Su rango de voltaje de 100-240V ~ 50\/60Hz lo hace vers\u00e1til para diferentes entornos el\u00e9ctricos. Incluye garant\u00eda de 1 a\u00f1o y certificaci\u00f3n CE que respalda su calidad y seguridad.<\/p>\n<p data-start=\"418\" data-end=\"865\"><div class=\"ead-preview\"><div class=\"ead-document\" style=\"position: relative;width: 100%;height: 100%;border: none;min-height: 500px;\" data-pdf-src=\"https:\/\/www.westinghouselightinglatinamerica.com\/media\/specs\/79072_spec.pdf\" data-viewer=\"browser\"><div class=\"ead-iframe-wrapper\"><iframe src=\"\/\/docs.google.com\/viewer?url=https%3A%2F%2Fwww.westinghouselightinglatinamerica.com%2Fmedia%2Fspecs%2F79072_spec.pdf&amp;embedded=true&amp;hl=en\" title=\"Embedded Document\" class=\"ead-iframe\" style=\"width: 100%;height: 100%;border: none;min-height: 500px;visibility: hidden;\"><\/iframe><\/div>\t\t\t<div class=\"ead-document-loading\" style=\"width:100%;height:100%;position:absolute;left:0;top:0;z-index:10;\">\n\t\t\t\t<div class=\"ead-loading-wrap\">\n\t\t\t\t\t<div class=\"ead-loading-main\">\n\t\t\t\t\t\t<div class=\"ead-loading\">\n\t\t\t\t\t\t\t<img loading=\"lazy\" decoding=\"async\" src=\"http:\/\/www.westinghouselightinglatinamerica.com\/wp-content\/plugins\/embed-any-document\/images\/loading.svg\" width=\"55\" height=\"55\" alt=\"Loader\">\n\t\t\t\t\t\t\t<span>Loading...<\/span>\n\t\t\t\t\t\t<\/div>\n\t\t\t\t\t<\/div>\n\t\t\t\t\t<div class=\"ead-loading-foot\">\n\t\t\t\t\t\t<div class=\"ead-loading-foot-title\">\n\t\t\t\t\t\t\t<img loading=\"lazy\" decoding=\"async\" src=\"http:\/\/www.westinghouselightinglatinamerica.com\/wp-content\/plugins\/embed-any-document\/images\/EAD-logo.svg\" alt=\"EAD Logo\" width=\"36\" height=\"23\"\/>\n\t\t\t\t\t\t\t<span>Taking too long?<\/span>\n\t\t\t\t\t\t<\/div>\n\t\t\t\t\t\t<div class=\"ead-document-btn ead-reload-btn\" role=\"button\">\n\t\t\t\t\t\t\t\t<img loading=\"lazy\" decoding=\"async\" src=\"http:\/\/www.westinghouselightinglatinamerica.com\/wp-content\/plugins\/embed-any-document\/images\/reload.svg\" alt=\"Reload\" width=\"12\" height=\"12\"\/> Reload document\t\t\t\t\t\t\t<\/div>\n\t\t\t\t\t\t\t<span>|<\/span>\n\t\t\t\t\t\t\t<a href=\"#\" class=\"ead-document-btn\" target=\"_blank\">\n\t\t\t\t\t\t\t\t<img loading=\"lazy\" decoding=\"async\" src=\"http:\/\/www.westinghouselightinglatinamerica.com\/wp-content\/plugins\/embed-any-document\/images\/open.svg\" alt=\"Open\" width=\"12\" height=\"12\"\/> Open in new tab\t\t\t\t\t\t\t<\/a>\n\t\t\t\t\t<\/div>\n\t\t\t\t<\/div>\n\t\t\t<\/div>\n\t\t<\/div><\/div>\n","protected":false},"excerpt":{"rendered":"<p>Ventilador de aspas retr\u00e1ctil con l\u00e1mpara circular LED<\/p>\n","protected":false},"featured_media":0,"comment_status":"closed","ping_status":"closed","template":"","meta":[],"product_brand":[],"product_cat":[45,154,50],"product_tag":[],"class_list":{"0":"post-82085","1":"product","2":"type-product","3":"status-publish","5":"product_cat-ceiling-fans","6":"product_cat-dc-motors","7":"product_cat-led","9":"first","10":"instock","11":"shipping-taxable","12":"product-type-simple"},"acf":[],"yoast_head":"<!-- This site is optimized with the Yoast SEO plugin v27.3 - https:\/\/yoast.com\/product\/yoast-seo-wordpress\/ -->\n<title>MINI BOREALIS 15&quot;<\/title>\n<meta name=\"description\" content=\"Ventilador de 15 pulgadas (38 cm) con motor DC de bajo consumo 12W y 3 velocidades. Funciona con voltaje 100-240V, certificaci\u00f3n CE y 1 a\u00f1o de garant\u00eda. Ventilador compacto de 15\u201d con motor DC de bajo consumo (12W) y 3 velocidades. Funciona con voltaje 100-240V, ideal para uso eficiente en espacios peque\u00f1os, con certificaci\u00f3n CE y 1 a\u00f1o de garant\u00eda.\" \/>\n<meta name=\"robots\" content=\"index, follow, max-snippet:-1, max-image-preview:large, max-video-preview:-1\" \/>\n<link rel=\"canonical\" href=\"https:\/\/www.westinghouselightinglatinamerica.com\/en\/product\/79072\/\" \/>\n<meta property=\"og:locale\" content=\"en_US\" \/>\n<meta property=\"og:type\" content=\"article\" \/>\n<meta property=\"og:title\" content=\"MINI BOREALIS 15&quot;\" \/>\n<meta property=\"og:description\" content=\"Ventilador de 15 pulgadas (38 cm) con motor DC de bajo consumo 12W y 3 velocidades. Funciona con voltaje 100-240V, certificaci\u00f3n CE y 1 a\u00f1o de garant\u00eda. Ventilador compacto de 15\u201d con motor DC de bajo consumo (12W) y 3 velocidades. Funciona con voltaje 100-240V, ideal para uso eficiente en espacios peque\u00f1os, con certificaci\u00f3n CE y 1 a\u00f1o de garant\u00eda.\" \/>\n<meta property=\"og:url\" content=\"https:\/\/www.westinghouselightinglatinamerica.com\/en\/product\/79072\/\" \/>\n<meta property=\"og:site_name\" content=\"Westinghouse Lighting Latin America\" \/>\n<meta name=\"twitter:label1\" content=\"Est. reading time\" \/>\n\t<meta name=\"twitter:data1\" content=\"1 minute\" \/>\n<script type=\"application\/ld+json\" class=\"yoast-schema-graph\">{\"@context\":\"https:\\\/\\\/schema.org\",\"@graph\":[{\"@type\":\"WebPage\",\"@id\":\"https:\\\/\\\/www.westinghouselightinglatinamerica.com\\\/en\\\/product\\\/79072\\\/\",\"url\":\"https:\\\/\\\/www.westinghouselightinglatinamerica.com\\\/en\\\/product\\\/79072\\\/\",\"name\":\"MINI BOREALIS 15\\\"\",\"isPartOf\":{\"@id\":\"http:\\\/\\\/www.westinghouselightinglatinamerica.com\\\/en\\\/#website\"},\"datePublished\":\"2026-03-12T17:40:16+00:00\",\"description\":\"Ventilador de 15 pulgadas (38 cm) con motor DC de bajo consumo 12W y 3 velocidades. Funciona con voltaje 100-240V, certificaci\u00f3n CE y 1 a\u00f1o de garant\u00eda. Ventilador compacto de 15\u201d con motor DC de bajo consumo (12W) y 3 velocidades. Funciona con voltaje 100-240V, ideal para uso eficiente en espacios peque\u00f1os, con certificaci\u00f3n CE y 1 a\u00f1o de garant\u00eda.\",\"breadcrumb\":{\"@id\":\"https:\\\/\\\/www.westinghouselightinglatinamerica.com\\\/en\\\/product\\\/79072\\\/#breadcrumb\"},\"inLanguage\":\"en-US\",\"potentialAction\":[{\"@type\":\"ReadAction\",\"target\":[\"https:\\\/\\\/www.westinghouselightinglatinamerica.com\\\/en\\\/product\\\/79072\\\/\"]}]},{\"@type\":\"BreadcrumbList\",\"@id\":\"https:\\\/\\\/www.westinghouselightinglatinamerica.com\\\/en\\\/product\\\/79072\\\/#breadcrumb\",\"itemListElement\":[{\"@type\":\"ListItem\",\"position\":1,\"name\":\"Portada\",\"item\":\"http:\\\/\\\/www.westinghouselightinglatinamerica.com\\\/en\\\/\"},{\"@type\":\"ListItem\",\"position\":2,\"name\":\"Tienda\",\"item\":\"http:\\\/\\\/www.westinghouselightinglatinamerica.com\\\/tienda\\\/\"},{\"@type\":\"ListItem\",\"position\":3,\"name\":\"MINI BOREALIS 15&#8243;\"}]},{\"@type\":\"WebSite\",\"@id\":\"http:\\\/\\\/www.westinghouselightinglatinamerica.com\\\/en\\\/#website\",\"url\":\"http:\\\/\\\/www.westinghouselightinglatinamerica.com\\\/en\\\/\",\"name\":\"Westinghouse Lighting Latin America\",\"description\":\"Westinghouse Lighting Latin america offers customizable lighting fixtures, a large range of ceiling fans and long-life energy efficient bulbs\",\"publisher\":{\"@id\":\"http:\\\/\\\/www.westinghouselightinglatinamerica.com\\\/en\\\/#organization\"},\"alternateName\":\"Westinghouse\",\"potentialAction\":[{\"@type\":\"SearchAction\",\"target\":{\"@type\":\"EntryPoint\",\"urlTemplate\":\"http:\\\/\\\/www.westinghouselightinglatinamerica.com\\\/en\\\/?s={search_term_string}\"},\"query-input\":{\"@type\":\"PropertyValueSpecification\",\"valueRequired\":true,\"valueName\":\"search_term_string\"}}],\"inLanguage\":\"en-US\"},{\"@type\":\"Organization\",\"@id\":\"http:\\\/\\\/www.westinghouselightinglatinamerica.com\\\/en\\\/#organization\",\"name\":\"Westinghouse Lighting Latin America\",\"url\":\"http:\\\/\\\/www.westinghouselightinglatinamerica.com\\\/en\\\/\",\"logo\":{\"@type\":\"ImageObject\",\"inLanguage\":\"en-US\",\"@id\":\"http:\\\/\\\/www.westinghouselightinglatinamerica.com\\\/en\\\/#\\\/schema\\\/logo\\\/image\\\/\",\"url\":\"http:\\\/\\\/www.westinghouselightinglatinamerica.com\\\/wp-content\\\/uploads\\\/2021\\\/04\\\/Logo-WESTINGHOUSE_Blanco.png\",\"contentUrl\":\"http:\\\/\\\/www.westinghouselightinglatinamerica.com\\\/wp-content\\\/uploads\\\/2021\\\/04\\\/Logo-WESTINGHOUSE_Blanco.png\",\"width\":1500,\"height\":450,\"caption\":\"Westinghouse Lighting Latin America\"},\"image\":{\"@id\":\"http:\\\/\\\/www.westinghouselightinglatinamerica.com\\\/en\\\/#\\\/schema\\\/logo\\\/image\\\/\"}}]}<\/script>\n<!-- \/ Yoast SEO plugin. -->","yoast_head_json":{"title":"MINI BOREALIS 15\"","description":"Ventilador de 15 pulgadas (38 cm) con motor DC de bajo consumo 12W y 3 velocidades. Funciona con voltaje 100-240V, certificaci\u00f3n CE y 1 a\u00f1o de garant\u00eda. Ventilador compacto de 15\u201d con motor DC de bajo consumo (12W) y 3 velocidades. Funciona con voltaje 100-240V, ideal para uso eficiente en espacios peque\u00f1os, con certificaci\u00f3n CE y 1 a\u00f1o de garant\u00eda.","robots":{"index":"index","follow":"follow","max-snippet":"max-snippet:-1","max-image-preview":"max-image-preview:large","max-video-preview":"max-video-preview:-1"},"canonical":"https:\/\/www.westinghouselightinglatinamerica.com\/en\/product\/79072\/","og_locale":"en_US","og_type":"article","og_title":"MINI BOREALIS 15\"","og_description":"Ventilador de 15 pulgadas (38 cm) con motor DC de bajo consumo 12W y 3 velocidades. Funciona con voltaje 100-240V, certificaci\u00f3n CE y 1 a\u00f1o de garant\u00eda. Ventilador compacto de 15\u201d con motor DC de bajo consumo (12W) y 3 velocidades. Funciona con voltaje 100-240V, ideal para uso eficiente en espacios peque\u00f1os, con certificaci\u00f3n CE y 1 a\u00f1o de garant\u00eda.","og_url":"https:\/\/www.westinghouselightinglatinamerica.com\/en\/product\/79072\/","og_site_name":"Westinghouse Lighting Latin America","twitter_misc":{"Est. reading time":"1 minute"},"schema":{"@context":"https:\/\/schema.org","@graph":[{"@type":"WebPage","@id":"https:\/\/www.westinghouselightinglatinamerica.com\/en\/product\/79072\/","url":"https:\/\/www.westinghouselightinglatinamerica.com\/en\/product\/79072\/","name":"MINI BOREALIS 15\"","isPartOf":{"@id":"http:\/\/www.westinghouselightinglatinamerica.com\/en\/#website"},"datePublished":"2026-03-12T17:40:16+00:00","description":"Ventilador de 15 pulgadas (38 cm) con motor DC de bajo consumo 12W y 3 velocidades. Funciona con voltaje 100-240V, certificaci\u00f3n CE y 1 a\u00f1o de garant\u00eda. Ventilador compacto de 15\u201d con motor DC de bajo consumo (12W) y 3 velocidades. Funciona con voltaje 100-240V, ideal para uso eficiente en espacios peque\u00f1os, con certificaci\u00f3n CE y 1 a\u00f1o de garant\u00eda.","breadcrumb":{"@id":"https:\/\/www.westinghouselightinglatinamerica.com\/en\/product\/79072\/#breadcrumb"},"inLanguage":"en-US","potentialAction":[{"@type":"ReadAction","target":["https:\/\/www.westinghouselightinglatinamerica.com\/en\/product\/79072\/"]}]},{"@type":"BreadcrumbList","@id":"https:\/\/www.westinghouselightinglatinamerica.com\/en\/product\/79072\/#breadcrumb","itemListElement":[{"@type":"ListItem","position":1,"name":"Portada","item":"http:\/\/www.westinghouselightinglatinamerica.com\/en\/"},{"@type":"ListItem","position":2,"name":"Tienda","item":"http:\/\/www.westinghouselightinglatinamerica.com\/tienda\/"},{"@type":"ListItem","position":3,"name":"MINI BOREALIS 15&#8243;"}]},{"@type":"WebSite","@id":"http:\/\/www.westinghouselightinglatinamerica.com\/en\/#website","url":"http:\/\/www.westinghouselightinglatinamerica.com\/en\/","name":"Westinghouse Lighting Latin America","description":"Westinghouse Lighting Latin america offers customizable lighting fixtures, a large range of ceiling fans and long-life energy efficient bulbs","publisher":{"@id":"http:\/\/www.westinghouselightinglatinamerica.com\/en\/#organization"},"alternateName":"Westinghouse","potentialAction":[{"@type":"SearchAction","target":{"@type":"EntryPoint","urlTemplate":"http:\/\/www.westinghouselightinglatinamerica.com\/en\/?s={search_term_string}"},"query-input":{"@type":"PropertyValueSpecification","valueRequired":true,"valueName":"search_term_string"}}],"inLanguage":"en-US"},{"@type":"Organization","@id":"http:\/\/www.westinghouselightinglatinamerica.com\/en\/#organization","name":"Westinghouse Lighting Latin America","url":"http:\/\/www.westinghouselightinglatinamerica.com\/en\/","logo":{"@type":"ImageObject","inLanguage":"en-US","@id":"http:\/\/www.westinghouselightinglatinamerica.com\/en\/#\/schema\/logo\/image\/","url":"http:\/\/www.westinghouselightinglatinamerica.com\/wp-content\/uploads\/2021\/04\/Logo-WESTINGHOUSE_Blanco.png","contentUrl":"http:\/\/www.westinghouselightinglatinamerica.com\/wp-content\/uploads\/2021\/04\/Logo-WESTINGHOUSE_Blanco.png","width":1500,"height":450,"caption":"Westinghouse Lighting Latin America"},"image":{"@id":"http:\/\/www.westinghouselightinglatinamerica.com\/en\/#\/schema\/logo\/image\/"}}]}},"_links":{"self":[{"href":"http:\/\/www.westinghouselightinglatinamerica.com\/en\/wp-json\/wp\/v2\/product\/82085","targetHints":{"allow":["GET"]}}],"collection":[{"href":"http:\/\/www.westinghouselightinglatinamerica.com\/en\/wp-json\/wp\/v2\/product"}],"about":[{"href":"http:\/\/www.westinghouselightinglatinamerica.com\/en\/wp-json\/wp\/v2\/types\/product"}],"replies":[{"embeddable":true,"href":"http:\/\/www.westinghouselightinglatinamerica.com\/en\/wp-json\/wp\/v2\/comments?post=82085"}],"wp:attachment":[{"href":"http:\/\/www.westinghouselightinglatinamerica.com\/en\/wp-json\/wp\/v2\/media?parent=82085"}],"wp:term":[{"taxonomy":"product_brand","embeddable":true,"href":"http:\/\/www.westinghouselightinglatinamerica.com\/en\/wp-json\/wp\/v2\/product_brand?post=82085"},{"taxonomy":"product_cat","embeddable":true,"href":"http:\/\/www.westinghouselightinglatinamerica.com\/en\/wp-json\/wp\/v2\/product_cat?post=82085"},{"taxonomy":"product_tag","embeddable":true,"href":"http:\/\/www.westinghouselightinglatinamerica.com\/en\/wp-json\/wp\/v2\/product_tag?post=82085"}],"curies":[{"name":"wp","href":"https:\/\/api.w.org\/{rel}","templated":true}]}}